{"id":55036,"date":"2019-11-08T09:47:21","date_gmt":"2019-11-08T08:47:21","guid":{"rendered":"https:\/\/webbite.de\/?page_id=55036"},"modified":"2023-12-21T13:15:09","modified_gmt":"2023-12-21T12:15:09","slug":"home","status":"publish","type":"page","link":"https:\/\/webbite.de\/hr\/","title":{"rendered":"Home"},"content":{"rendered":"<div class=\"wpb-content-wrapper\"><p>[vc_row use_row_as_full_screen_section=&#8221;yes&#8221; type=&#8221;grid&#8221; header_style=&#8221;light&#8221; video=&#8221;show_video&#8221; video_overlay=&#8221;show_video_overlay&#8221; video_overlay_image=&#8221;52059&#8243; video_webm=&#8221;https:\/\/webbite.de\/wp-content\/uploads\/2019\/01\/webbite-new.webm&#8221; video_mp4=&#8221;https:\/\/webbite.de\/wp-content\/uploads\/2019\/01\/webbite-new.mp4&#8243; video_ogv=&#8221;https:\/\/webbite.de\/wp-content\/uploads\/2019\/01\/webbite-new.ogv&#8221; pattern_background=&#8221;pattern_background&#8221; oblique_section=&#8221;no&#8221; oblique_section_top_and_bottom=&#8221;both&#8221; oblique_section_position=&#8221;from_left_to_right&#8221; triangle_shape=&#8221;no&#8221; triangle_shape_position=&#8221;both&#8221;][vc_column width=&#8221;1\/2&#8243;]<div class=\"custom_font_holder\" style=\"font-family: Montserrat; font-size: 82px; line-height: 93px; font-weight: 700; color: #ffffff; letter-spacing: 1px;; text-transform: uppercase; text-align: left\" data-font-size=82 data-line-height=93 ><div  >Fullservice<br \/>\ndigitalna agencija<\/div><\/div>[vc_separator type=&#8221;transparent&#8221; up=&#8221;23&#8243; down=&#8221;0&#8243;][vc_column_text]<\/p>\n<h4><span style=\"color: #ffffff;\">Mi smo Va\u0161 kompetentan tehnolo\u0161ki partner kada je posrijedi savjetovanje, planiranje i razvoj online trgovina, kompleksnih web projekata i mobilnih aplikacija.<br \/>\n<\/span><\/h4>\n<p>[\/vc_column_text][vc_separator type=&#8221;transparent&#8221; up=&#8221;42&#8243; down=&#8221;0&#8243;]<a href=\"https:\/\/webbite.de\/hr\/ueber-uns\/\" target=\"_self\"  class=\"qbutton  qbutton_with_icon icon_right\" style=\"\">vi\u0161e<i class=\"qode_icon_font_awesome fa fa-chevron-right button_icon\" style=\"width: inherit; \" ><\/i><\/a>[\/vc_column][vc_column width=&#8221;1\/2&#8243;][vc_column_text]<br \/>\n[\/vc_column_text][\/vc_column][vc_column][vc_column_text]<br \/>\n[\/vc_column_text][\/vc_column][vc_column][vc_column_text]<br \/>\n[\/vc_column_text][\/vc_column][vc_column][vc_column_text]<br \/>\n[\/vc_column_text][\/vc_column][vc_column][vc_column_text]<br \/>\n[\/vc_column_text][\/vc_column][\/vc_row][vc_row use_row_as_full_screen_section=&#8221;yes&#8221; type=&#8221;grid&#8221; header_style=&#8221;light&#8221; background_image=&#8221;54843&#8243; oblique_section=&#8221;no&#8221; oblique_section_top_and_bottom=&#8221;both&#8221; oblique_section_position=&#8221;from_left_to_right&#8221; triangle_shape=&#8221;no&#8221; triangle_shape_position=&#8221;both&#8221; el_class=&#8221;hasImgOverlay&#8221;][vc_column width=&#8221;1\/2&#8243;]<div class=\"custom_font_holder\" style=\"font-family: Montserrat; font-size: 82px; line-height: 93px; font-weight: 700; color: #ffffff; letter-spacing: 1px;; text-transform: uppercase; text-align: left\" data-font-size=82 data-line-height=93 ><div  >Web &amp; Software<br \/>\ndevelopment<\/div><\/div>[vc_separator type=&#8221;transparent&#8221; up=&#8221;23&#8243; down=&#8221;0&#8243;][vc_column_text]<\/p>\n<h4><span style=\"color: #ffffff;\">Razvijamo responzivne stranice i portale bazirane na WordPressu, Drupalu i TYPO3, te pru\u017eamo individualna rje\u0161enja bazirana na Symfony, Zend i Laravel platformi.<br \/>\n<\/span><\/h4>\n<p>[\/vc_column_text][vc_separator type=&#8221;transparent&#8221; up=&#8221;42&#8243; down=&#8221;0&#8243;]<a href=\"https:\/\/webbite.de\/hr\/services\/\" target=\"_self\"  class=\"qbutton  qbutton_with_icon icon_right\" style=\"\">vi\u0161e<i class=\"qode_icon_font_awesome fa fa-chevron-right button_icon\" style=\"width: inherit; \" ><\/i><\/a>[\/vc_column][vc_column width=&#8221;1\/2&#8243;][vc_column_text]<br \/>\n[\/vc_column_text][\/vc_column][\/vc_row][vc_row use_row_as_full_screen_section=&#8221;yes&#8221; type=&#8221;grid&#8221; header_style=&#8221;light&#8221; background_image=&#8221;54846&#8243; oblique_section=&#8221;no&#8221; oblique_section_top_and_bottom=&#8221;both&#8221; oblique_section_position=&#8221;from_left_to_right&#8221; triangle_shape=&#8221;no&#8221; triangle_shape_position=&#8221;both&#8221; el_class=&#8221;hasImgOverlay&#8221;][vc_column width=&#8221;1\/2&#8243;]<div class=\"custom_font_holder\" style=\"font-family: Montserrat; font-size: 82px; line-height: 93px; font-weight: 700; color: #3f3f3f; letter-spacing: 1px;; text-transform: uppercase; text-align: left\" data-font-size=82 data-line-height=93 ><div  ><span style=\"color: #ffffff;\">Razvoj web shopa<\/span><br \/>\n<\/div><\/div>[vc_separator type=&#8221;transparent&#8221; up=&#8221;23&#8243; down=&#8221;0&#8243;][vc_column_text el_class=&#8221;white_link&#8221;]<\/p>\n<h4><span style=\"color: #ffffff;\">Razvijamo pouzdane shop sustave temeljene na Magento, Shopware 5 i WooCommerce e-Commerce rje\u0161enjima.<\/span><\/h4>\n<p>[\/vc_column_text][vc_separator type=&#8221;transparent&#8221; up=&#8221;42&#8243; down=&#8221;0&#8243;]<a href=\"https:\/\/webbite.de\/hr\/services\/\" target=\"_self\"  class=\"qbutton  qbutton_with_icon icon_right\" style=\"\">vi\u0161e<i class=\"qode_icon_font_awesome fa fa-chevron-right button_icon\" style=\"width: inherit; \" ><\/i><\/a>[\/vc_column][vc_column width=&#8221;1\/2&#8243;][vc_column_text]<br \/>\n[\/vc_column_text][\/vc_column][\/vc_row][vc_row use_row_as_full_screen_section=&#8221;yes&#8221; type=&#8221;grid&#8221; header_style=&#8221;light&#8221; background_image=&#8221;54849&#8243; oblique_section=&#8221;no&#8221; oblique_section_top_and_bottom=&#8221;both&#8221; oblique_section_position=&#8221;from_left_to_right&#8221; triangle_shape=&#8221;no&#8221; triangle_shape_position=&#8221;both&#8221; el_class=&#8221;hasImgOverlay&#8221;][vc_column width=&#8221;1\/2&#8243;]<div class=\"custom_font_holder\" style=\"font-family: Montserrat; font-size: 82px; line-height: 93px; font-weight: 700; color: #ffffff; letter-spacing: 1px;; text-transform: uppercase; text-align: left\" data-font-size=82 data-line-height=93 ><div  >Razvoj aplikacija<\/div><\/div>[vc_separator type=&#8221;transparent&#8221; up=&#8221;23&#8243; down=&#8221;0&#8243;][vc_column_text]<\/p>\n<h4><span style=\"color: #ffffff;\">Razvijamo aplikacije za sve uobi\u010dajene mobilne platforme (iOS, Android, Windows Mobile), uklju\u010duju\u0107i povezane web usluge i su\u010delja za postoje\u0107e sustave.<\/span><\/h4>\n<p>[\/vc_column_text][vc_separator type=&#8221;transparent&#8221; up=&#8221;42&#8243; down=&#8221;0&#8243;]<a href=\"https:\/\/webbite.de\/hr\/services\/\" target=\"_self\"  class=\"qbutton  qbutton_with_icon icon_right\" style=\"\">vi\u0161e<i class=\"qode_icon_font_awesome fa fa-chevron-right button_icon\" style=\"width: inherit; \" ><\/i><\/a>[\/vc_column][vc_column width=&#8221;1\/2&#8243;][vc_column_text]<br \/>\n[\/vc_column_text][\/vc_column][\/vc_row][vc_row use_row_as_full_screen_section=&#8221;yes&#8221; type=&#8221;grid&#8221; header_style=&#8221;light&#8221; background_image=&#8221;54852&#8243; oblique_section=&#8221;no&#8221; oblique_section_top_and_bottom=&#8221;both&#8221; oblique_section_position=&#8221;from_left_to_right&#8221; triangle_shape=&#8221;no&#8221; triangle_shape_position=&#8221;both&#8221; el_class=&#8221;hasImgOverlay&#8221;][vc_column width=&#8221;1\/2&#8243;]<div class=\"custom_font_holder\" style=\"font-family: Montserrat; font-size: 82px; line-height: 93px; font-weight: 700; color: #ffffff; letter-spacing: 1px;; text-transform: uppercase; text-align: left\" data-font-size=82 data-line-height=93 ><div  >Dizajn &amp; Koncepcija<\/div><\/div>[vc_separator type=&#8221;transparent&#8221; up=&#8221;23&#8243; down=&#8221;0&#8243;][vc_column_text]<\/p>\n<h4><span style=\"color: #ffffff;\">Stvaramo inovativan, responzivan dizajn, UI predlo\u0161ke, i strate\u0161ki potkovane koncepte, koje realiziramo na najvi\u0161em tehni\u010dkom nivou.<\/span><\/h4>\n<p>[\/vc_column_text][vc_separator type=&#8221;transparent&#8221; up=&#8221;42&#8243; down=&#8221;0&#8243;]<a href=\"https:\/\/webbite.de\/hr\/services\/\" target=\"_self\"  class=\"qbutton  qbutton_with_icon icon_right\" style=\"\">vi\u0161e<i class=\"qode_icon_font_awesome fa fa-chevron-right button_icon\" style=\"width: inherit; \" ><\/i><\/a>[vc_column_text]<br \/>\n[\/vc_column_text][\/vc_column][vc_column width=&#8221;1\/2&#8243;][vc_column_text]<br \/>\n[\/vc_column_text][\/vc_column][\/vc_row][vc_row use_row_as_full_screen_section=&#8221;yes&#8221; type=&#8221;grid&#8221; header_style=&#8221;light&#8221; background_image=&#8221;54829&#8243; oblique_section=&#8221;no&#8221; oblique_section_top_and_bottom=&#8221;both&#8221; oblique_section_position=&#8221;from_left_to_right&#8221; triangle_shape=&#8221;no&#8221; triangle_shape_position=&#8221;both&#8221; el_class=&#8221;hasImgOverlay&#8221;][vc_column width=&#8221;1\/2&#8243;]<div class=\"custom_font_holder\" style=\"font-family: Montserrat; font-size: 82px; line-height: 93px; font-weight: 700; color: #ffffff; letter-spacing: 1px;; text-transform: uppercase; text-align: left\" data-font-size=82 data-line-height=93 ><div  >Online- Marketing<\/div><\/div>[vc_separator type=&#8221;transparent&#8221; up=&#8221;23&#8243; down=&#8221;0&#8243;][vc_column_text]<\/p>\n<h4><span style=\"color: #ffffff;\">Na\u0161i online marketing stru\u010dnjaci rado \u0107e Vam pru\u017eiti podr\u0161ku u podru\u010dju SEO, SEM, SMM i e-mail marketinga.<\/span><\/h4>\n<p>[\/vc_column_text][vc_separator type=&#8221;transparent&#8221; up=&#8221;42&#8243; down=&#8221;0&#8243;]<a href=\"https:\/\/webbite.de\/hr\/services\/\" target=\"_self\"  class=\"qbutton  qbutton_with_icon icon_right\" style=\"\">vi\u0161e<i class=\"qode_icon_font_awesome fa fa-chevron-right button_icon\" style=\"width: inherit; \" ><\/i><\/a>[vc_column_text]<br \/>\n[\/vc_column_text][\/vc_column][vc_column width=&#8221;1\/2&#8243;][vc_column_text]<br \/>\n[\/vc_column_text][\/vc_column][\/vc_row][vc_row use_row_as_full_screen_section=&#8221;yes&#8221; type=&#8221;grid&#8221; header_style=&#8221;light&#8221; background_image=&#8221;53279&#8243; oblique_section=&#8221;no&#8221; oblique_section_top_and_bottom=&#8221;both&#8221; oblique_section_position=&#8221;from_left_to_right&#8221; triangle_shape=&#8221;no&#8221; triangle_shape_position=&#8221;both&#8221; el_class=&#8221;hasImgOverlay&#8221;][vc_column css=&#8221;.vc_custom_1427456849050{padding-top: 26% !important;}&#8221;][vc_row_inner el_class=&#8221;contact-description&#8221;][vc_column_inner width=&#8221;2\/3&#8243;]\n<div class=\"wpcf7 no-js\" id=\"wpcf7-f50783-o1\" lang=\"en-US\" dir=\"ltr\" data-wpcf7-id=\"50783\">\n<div class=\"screen-reader-response\"><p role=\"status\" aria-live=\"polite\" aria-atomic=\"true\"><\/p> <ul><\/ul><\/div>\n<form action=\"\/hr\/wp-json\/wp\/v2\/pages\/55036#wpcf7-f50783-o1\" method=\"post\" class=\"wpcf7-form init cf7_custom_style_1\" aria-label=\"Contact form\" novalidate=\"novalidate\" data-status=\"init\">\n<fieldset class=\"hidden-fields-container\"><input type=\"hidden\" name=\"_wpcf7\" value=\"50783\" \/><input type=\"hidden\" name=\"_wpcf7_version\" value=\"6.1.4\" \/><input type=\"hidden\" name=\"_wpcf7_locale\" value=\"en_US\" \/><input type=\"hidden\" name=\"_wpcf7_unit_tag\" value=\"wpcf7-f50783-o1\" \/><input type=\"hidden\" name=\"_wpcf7_container_post\" value=\"0\" \/><input type=\"hidden\" name=\"_wpcf7_posted_data_hash\" value=\"\" \/>\n<\/fieldset>\n<p>Name*\n<\/p>\n<p><span class=\"wpcf7-form-control-wrap\" data-name=\"your-name\"><input size=\"40\" maxlength=\"400\" class=\"wpcf7-form-control wpcf7-text wpcf7-validates-as-required\" aria-required=\"true\" aria-invalid=\"false\" value=\"\" type=\"text\" name=\"your-name\" \/><\/span>\n<\/p>\n<p>E-Mail*\n<\/p>\n<p><span class=\"wpcf7-form-control-wrap\" data-name=\"your-email\"><input size=\"40\" maxlength=\"400\" class=\"wpcf7-form-control wpcf7-email wpcf7-validates-as-required wpcf7-text wpcf7-validates-as-email\" aria-required=\"true\" aria-invalid=\"false\" value=\"\" type=\"email\" name=\"your-email\" \/><\/span>\n<\/p>\n<p>Betreff\n<\/p>\n<p><span class=\"wpcf7-form-control-wrap\" data-name=\"your-subject\"><input size=\"40\" maxlength=\"400\" class=\"wpcf7-form-control wpcf7-text\" aria-invalid=\"false\" value=\"\" type=\"text\" name=\"your-subject\" \/><\/span>\n<\/p>\n<p>Nachricht\n<\/p>\n<p><span class=\"wpcf7-form-control-wrap\" data-name=\"your-message\"><textarea cols=\"40\" rows=\"10\" maxlength=\"2000\" class=\"wpcf7-form-control wpcf7-textarea\" aria-invalid=\"false\" name=\"your-message\"><\/textarea><\/span>\n<\/p>\n<p><br \/>\n<span class=\"wpcf7-form-control-wrap\" data-name=\"data_privacy\"><span class=\"wpcf7-form-control wpcf7-checkbox wpcf7-validates-as-required\"><span class=\"wpcf7-list-item first last\"><input type=\"checkbox\" name=\"data_privacy[]\" value=\"Meine Daten d\u00fcrfen verwendet werden, um mich im Zuge meiner Anfrage zu kontaktieren.\" \/><span class=\"wpcf7-list-item-label\">Meine Daten d\u00fcrfen verwendet werden, um mich im Zuge meiner Anfrage zu kontaktieren.<\/span><\/span><\/span><\/span>\n<\/p>\n<p><input class=\"wpcf7-form-control wpcf7-submit has-spinner\" type=\"submit\" value=\"Senden\" \/>\n<\/p><div class=\"wpcf7-response-output\" aria-hidden=\"true\"><\/div>\n<\/form>\n<\/div>\n[\/vc_column_inner][vc_column_inner width=&#8221;1\/3&#8243;][vc_separator type=&#8221;transparent&#8221; up=&#8221;15&#8243;][vc_column_text]<\/p>\n<h3><span style=\"color: #ffffff;\">Javi nam se<\/span><\/h3>\n<p>[\/vc_column_text][vc_separator type=&#8221;transparent&#8221; up=&#8221;28&#8243;][vc_column_text]<span style=\"color: #ffffff;\">Webbite Media GmbH<\/span><br \/>\n<span style=\"color: #ffffff;\">Bavariafilmplatz 7<\/span><br \/>\n<span style=\"color: #ffffff;\">D-82031 Gr\u00fcnwald<\/span>[\/vc_column_text][vc_column_text]<a href=\"mailto:info@webbite.de\"><span style=\"color: #ffffff;\">M\u00a0 info@webbite.de<\/span><\/a><br \/>\n<span style=\"color: #ffffff;\"> T\u00a0 +49 89 2154539 \u2013 0<\/span><br \/>\n<span style=\"color: #ffffff;\"> F\u00a0 +49 89 2154539 \u2013 99<\/span>[\/vc_column_text][\/vc_column_inner][\/vc_row_inner][vc_separator type=&#8221;transparent&#8221; up=&#8221;28&#8243;][vc_column_text el_class=&#8221;home-socials&#8221;]<\/p>\n<div class=\"socials\"><div class=\"q_icon \"><span class=\"q_icon_shade q_icon_shortcode font_elegant circle pull-right \" data-hover-background-color=#076AB3  style=\"background-color: #ffffff;margin: 0 0 34px 31px;line-height:25px;width:25px;height:25px;\"><a href=\"https:\/\/webbite.de\/kontakt\/\" target=\"_blank\" style=\"color: #3f3f3f;\" ><span aria-hidden=\"true\" class=\"qode_icon_font_elegant social_email \" style=\"color: #3f3f3f;line-height:25px;font-size: 14px; \" ><\/span><\/a><\/span><\/div><div class=\"q_icon \"><span class=\"q_icon_shade q_icon_shortcode font_elegant circle pull-right \" data-hover-background-color=#076AB3  style=\"background-color: #ffffff;margin: 0 0 34px 31px;line-height:25px;width:25px;height:25px;\"><a href=\"https:\/\/www.xing.com\/companies\/webbitemediagmbh\" target=\"_blank\" style=\"color: #3f3f3f;\" ><span aria-hidden=\"true\" class=\"qode_icon_font_elegant social_xing \" style=\"color: #3f3f3f;line-height:25px;font-size: 14px; \" ><\/span><\/a><\/span><\/div><div class=\"q_icon \"><span class=\"q_icon_shade q_icon_shortcode font_elegant circle pull-right \" data-hover-background-color=#076AB3  style=\"background-color: #ffffff;margin: 0 0 34px 31px;line-height:25px;width:25px;height:25px;\"><a href=\"https:\/\/www.facebook.com\/Webbite-Media-Onlineagentur-126409210746548\/\" target=\"_blank\" style=\"color: #3f3f3f;\" ><span aria-hidden=\"true\" class=\"qode_icon_font_elegant social_facebook \" style=\"color: #3f3f3f;line-height:25px;font-size: 14px; \" ><\/span><\/a><\/span><\/div><\/div>\n<div class=\"clearfix\"><\/div>\n<p>[\/vc_column_text]<div class=\"custom_font_holder\" style=\"font-family: Radley; font-size: 12px; line-height: 34px; font-weight: 400; color: #636363; letter-spacing: 0px;; text-transform: none; text-align: center\" data-font-size=12 data-line-height=34 ><div  ><\/p>\n<p style=\"text-align: center;\"><span class=\"copyright\" style=\"color: #ffffff;\">\u00a9 2024 Webbite Media GmbH | Bavariafilmplatz 7\u00a0|\u00a0D-82031 Gr\u00fcnwald | T +49 89 2154539 \u2013 0\u00a0|\u00a0F +49 89 2154539 \u2013 99\u00a0|\u00a0<a style=\"color: #ffffff;\" href=\"mailto:info@webbite.de\">\u00a0M\u00a0\u00a0info@webbite.de <\/a>\u00a0|\u00a0<a style=\"color: #ffffff;\" title=\"Impressum\" href=\"https:\/\/webbite.de\/impressum\/\">Impressum<\/a>\u00a0|\u00a0<a style=\"color: #ffffff;\" title=\"Datenschutz\" href=\"https:\/\/webbite.de\/datenschutz\/\">Datenschutz<\/a><\/span><\/p>\n<p><\/div><\/div>[\/vc_column][\/vc_row]<\/p>\n<\/div>","protected":false},"excerpt":{"rendered":"<p>[vc_row use_row_as_full_screen_section=&#8221;yes&#8221; type=&#8221;grid&#8221; header_style=&#8221;light&#8221; video=&#8221;show_video&#8221; video_overlay=&#8221;show_video_overlay&#8221; video_overlay_image=&#8221;52059&#8243; video_webm=&#8221;https:\/\/webbite.de\/wp-content\/uploads\/2019\/01\/webbite-new.webm&#8221; video_mp4=&#8221;https:\/\/webbite.de\/wp-content\/uploads\/2019\/01\/webbite-new.mp4&#8243; video_ogv=&#8221;https:\/\/webbite.de\/wp-content\/uploads\/2019\/01\/webbite-new.ogv&#8221; pattern_background=&#8221;pattern_background&#8221; oblique_section=&#8221;no&#8221; oblique_section_top_and_bottom=&#8221;both&#8221; oblique_section_position=&#8221;from_left_to_right&#8221; triangle_shape=&#8221;no&#8221; triangle_shape_position=&#8221;both&#8221;][vc_column width=&#8221;1\/2&#8243;][vc_separator type=&#8221;transparent&#8221; up=&#8221;23&#8243; down=&#8221;0&#8243;][vc_column_text] Mi smo Va\u0161 kompetentan tehnolo\u0161ki partner kada je posrijedi savjetovanje, planiranje i razvoj online trgovina, kompleksnih web projekata i mobilnih aplikacija. [\/vc_column_text][vc_separator type=&#8221;transparent&#8221; up=&#8221;42&#8243; down=&#8221;0&#8243;][\/vc_column][vc_column&#8230;<\/p>\n","protected":false},"author":5,"featured_media":0,"parent":0,"menu_order":0,"comment_status":"closed","ping_status":"open","template":"full_screen.php","meta":{"footnotes":""},"class_list":["post-55036","page","type-page","status-publish","hentry"],"aioseo_notices":[],"_links":{"self":[{"href":"https:\/\/webbite.de\/hr\/wp-json\/wp\/v2\/pages\/55036","targetHints":{"allow":["GET"]}}],"collection":[{"href":"https:\/\/webbite.de\/hr\/wp-json\/wp\/v2\/pages"}],"about":[{"href":"https:\/\/webbite.de\/hr\/wp-json\/wp\/v2\/types\/page"}],"author":[{"embeddable":true,"href":"https:\/\/webbite.de\/hr\/wp-json\/wp\/v2\/users\/5"}],"replies":[{"embeddable":true,"href":"https:\/\/webbite.de\/hr\/wp-json\/wp\/v2\/comments?post=55036"}],"version-history":[{"count":0,"href":"https:\/\/webbite.de\/hr\/wp-json\/wp\/v2\/pages\/55036\/revisions"}],"wp:attachment":[{"href":"https:\/\/webbite.de\/hr\/wp-json\/wp\/v2\/media?parent=55036"}],"curies":[{"name":"wp","href":"https:\/\/api.w.org\/{rel}","templated":true}]}}