{"id":53844,"date":"2016-05-20T11:07:54","date_gmt":"2016-05-20T09:07:54","guid":{"rendered":"https:\/\/webbite.de\/hr\/?page_id=53844"},"modified":"2021-08-09T10:50:00","modified_gmt":"2021-08-09T08:50:00","slug":"mobile-developer-ios-android","status":"publish","type":"page","link":"https:\/\/webbite.de\/hr\/mobile-developer-ios-android\/","title":{"rendered":"Mobile developer (iOS &#038; Android)"},"content":{"rendered":"<p>WebBite Media je full service digitalna agencija, koja jo\u0161 od 2008 nudi zahtjevna rje\u0161enja u polju interneta i multimedije.<br \/>\nNa\u0161 internacionalni 20-\u010dlani tim se sastoji od iskusnih programera, projekt menad\u017eera, dizajnera i marketin\u0161kih stru\u010dnjaka koji su me\u0111u najboljima u svojoj struci. U na\u0161e klijente ubrajamo mnoga srednja poduze\u0107a, kao i ve\u0107 dugi niz godina poznatu grupaciju Linde AG.<br \/>\n&nbsp;<br \/>\nZbog daljeg pro\u0161irenja na\u0161eg tima u Splitu, tra\u017eimo jednoga\/jednu:<br \/>\n&nbsp;<\/p>\n<h3>MOBILE-DEVELOPER (m\/\u017e)<\/h3>\n<p>Puno radno vrijeme &#8211; Split<br \/>\n&nbsp;<br \/>\n<strong>Tvoji zadaci:<\/strong><\/p>\n<ul>\n<li>Programer za razvoj iOS aplikacija (Objective-C) i razvoj Android aplikacija (Java)<\/li>\n<\/ul>\n<p><strong><br \/>\nTvoj profil:<\/strong><\/p>\n<ul>\n<li>Zavr\u0161en studij informatike ili sli\u010dne kvalifikacije<\/li>\n<li>Temeljito poznavanje: Objective-C (iOS), Java (Android), C#, HTML5, JS, Titanium Mobile<\/li>\n<li>Iskustvo u radu sa mobilnim okru\u017eenjem<\/li>\n<li>Odlikuje Vas afinitet prema internetu i tehnologijama, preciznost u radu, inovativnost<\/li>\n<li>Odli\u010dno poznavanje engleskog jezika, poznavanje njema\u010dkog jezika \u0107e biti prednost<\/li>\n<li>\u017delja i interes za stalnim stru\u010dnim i osobnim usavr\u0161avanjem \u0107e upotpuniti va\u0161 profil<\/li>\n<\/ul>\n<p><strong><br \/>\nMi nudimo:<\/strong><\/p>\n<ul>\n<li>Ugodan i kolegijalan tim<\/li>\n<li>Plitka hijerarhija\u00a0s otvorenom poduzetni\u010dkom kulturom<\/li>\n<li>Zanimljive projekte za me\u0111unarodne klijente<\/li>\n<li>Fleksibilno radno vrijeme<\/li>\n<li>Kicker i pikado<\/li>\n<li>Samoodgovoran rad<\/li>\n<li>Odli\u010dna primanja<\/li>\n<\/ul>\n<p>&nbsp;<\/p>\n<p>Prijave primamo na<a href=\"mailto:prijava@webbite.de\"> prijava[AT]webbite.de<\/a><br \/>\nPrilikom prijave navesti lokaciju, \u017eeljenu pla\u0107u i\u00a0datum mogu\u0107eg po\u010detka rada.<br \/>\n&nbsp;<br \/>\nZa\u00a0sva dodatna pitanja rado stojimo na raspolaganju.<br \/>\n&nbsp;<br \/>\nKontakt osoba za posao u Splitu:<br \/>\nSamira Ferhatbegovi\u0107<\/p>\n<p>WebBite Media d.o.o.<br \/>\n<span class=\"desc\">Peri\u010di\u0107eva 14<br \/>\nHR- 21000 Split<br \/>\nT +385 21 786 967<\/span><br \/>\n&nbsp;<\/p>\n","protected":false},"excerpt":{"rendered":"<p>WebBite Media je full service digitalna agencija, koja jo\u0161 od 2008 nudi zahtjevna rje\u0161enja u polju interneta i multimedije. Na\u0161 internacionalni 20-\u010dlani tim se sastoji od iskusnih programera, projekt menad\u017eera, dizajnera i marketin\u0161kih stru\u010dnjaka koji su me\u0111u najboljima u svojoj struci. U na\u0161e klijente ubrajamo&#8230;<\/p>\n","protected":false},"author":5,"featured_media":0,"parent":0,"menu_order":0,"comment_status":"closed","ping_status":"closed","template":"","meta":{"footnotes":""},"class_list":["post-53844","page","type-page","status-publish","hentry"],"aioseo_notices":[],"_links":{"self":[{"href":"https:\/\/webbite.de\/hr\/wp-json\/wp\/v2\/pages\/53844","targetHints":{"allow":["GET"]}}],"collection":[{"href":"https:\/\/webbite.de\/hr\/wp-json\/wp\/v2\/pages"}],"about":[{"href":"https:\/\/webbite.de\/hr\/wp-json\/wp\/v2\/types\/page"}],"author":[{"embeddable":true,"href":"https:\/\/webbite.de\/hr\/wp-json\/wp\/v2\/users\/5"}],"replies":[{"embeddable":true,"href":"https:\/\/webbite.de\/hr\/wp-json\/wp\/v2\/comments?post=53844"}],"version-history":[{"count":0,"href":"https:\/\/webbite.de\/hr\/wp-json\/wp\/v2\/pages\/53844\/revisions"}],"wp:attachment":[{"href":"https:\/\/webbite.de\/hr\/wp-json\/wp\/v2\/media?parent=53844"}],"curies":[{"name":"wp","href":"https:\/\/api.w.org\/{rel}","templated":true}]}}