{"id":53672,"date":"2016-05-05T11:53:33","date_gmt":"2016-05-05T09:53:33","guid":{"rendered":"https:\/\/webbite.de\/hr\/?page_id=53672"},"modified":"2021-08-09T10:50:00","modified_gmt":"2021-08-09T08:50:00","slug":"ueber-uns","status":"publish","type":"page","link":"https:\/\/webbite.de\/hr\/ueber-uns\/","title":{"rendered":"O nama"},"content":{"rendered":"<div class=\"wpb-content-wrapper\"><p>[vc_row][vc_column][vc_column_text]<br \/>\n[\/vc_column_text][\/vc_column][\/vc_row][vc_row type=&#8221;grid&#8221; padding_top=&#8221;70&#8243; padding_bottom=&#8221;70&#8243; oblique_section=&#8221;no&#8221; oblique_section_top_and_bottom=&#8221;both&#8221; oblique_section_position=&#8221;from_left_to_right&#8221; triangle_shape=&#8221;no&#8221; triangle_shape_position=&#8221;both&#8221;][vc_column offset=&#8221;vc_col-lg-5 vc_col-md-6 vc_col-xs-12&#8243; el_class=&#8221;mobile-graphic-element&#8221;][no_elements_holder][no_elements_holder_item item_padding=&#8221;0 0 0 0&#8243;][vc_single_image image=&#8221;53175&#8243; img_size=&#8221;full&#8221;][\/no_elements_holder_item][\/no_elements_holder][\/vc_column][vc_column offset=&#8221;vc_col-lg-7 vc_col-md-6 vc_col-xs-12&#8243; el_class=&#8221;mobile-text-element&#8221;][no_elements_holder][no_elements_holder_item item_padding=&#8221;0 0 0 8%&#8221; vertical_alignment=&#8221;middle&#8221; item_padding_1000_1300=&#8221;12% 2% 12% 2%&#8221; item_padding_768_1000=&#8221;40px 0 40px 0&#8243; item_padding_600_768=&#8221;40px 0 40px 0&#8243; item_padding_480_600=&#8221;40px 0 40px 0&#8243; item_padding_480=&#8221;40px 0 40px 0&#8243;][vc_column_text]<\/p>\n<h3>\u0160to nudimo<\/h3>\n<p>[\/vc_column_text][vc_separator type=&#8221;transparent&#8221; up=&#8221;30&#8243; down=&#8221;0&#8243;][vc_column_text]Kao full service digitalna agencija, Webbite Media GmbH sa svojim uredima u Minhenu i Splitu, nudi cjelovita rje\u0161enja u online sektoru jo\u0161 od 2008 godine.<\/p>\n<p>Pouzdano preuzimamo sve zadatke, po\u010dev\u0161i s konceptom Va\u0161e online strategije i web dizajna, do razvoja sustava.[\/vc_column_text][\/no_elements_holder_item][\/no_elements_holder][\/vc_column][\/vc_row][vc_row type=&#8221;grid&#8221; background_color=&#8221;#f5f5f5&#8243; padding_top=&#8221;70&#8243; padding_bottom=&#8221;70&#8243; oblique_section=&#8221;no&#8221; oblique_section_top_and_bottom=&#8221;both&#8221; oblique_section_position=&#8221;from_left_to_right&#8221; triangle_shape=&#8221;no&#8221; triangle_shape_position=&#8221;both&#8221;][vc_column offset=&#8221;vc_col-lg-7 vc_col-md-6 vc_col-xs-12&#8243;][no_elements_holder][no_elements_holder_item item_padding=&#8221;0 8% 0 0&#8243; vertical_alignment=&#8221;middle&#8221; item_padding_1000_1300=&#8221;12% 2% 12% 2%&#8221; item_padding_768_1000=&#8221;40px 0 40px 0&#8243; item_padding_600_768=&#8221;40px 0 40px 0&#8243; item_padding_480_600=&#8221;40px 0 40px 0&#8243; item_padding_480=&#8221;40px 0 40px 0&#8243;][vc_column_text]<\/p>\n<h3>Za\u0161to Webbite Media<\/h3>\n<p>[\/vc_column_text][vc_separator type=&#8221;transparent&#8221; up=&#8221;30&#8243; down=&#8221;0&#8243;][vc_column_text]<\/p>\n<p>U na\u0161u najve\u0107u prednost se ubraja idealno uskla\u0111en know-how na\u0161ih djelatnika, koji \u0107e vama pru\u017eiti dalekose\u017ene prednosti. Kod <span class=\"error\" data-errorid=\"0\" data-initialvalue=\"Webbite\">Webbite<\/span> Media svi razvojni procesi (koncepcija, dizajn, programiranje i online marketing) savr\u0161eno se upotpunjuju. Na\u0161a rje\u0161enja doprinijeti \u0107e da ostvarite prednost u online segmentu nad svojim konkurentima. Na\u0161 &#8220;full service pristup&#8221; uklju\u010duje stru\u010dnjake iz podru\u010dja Social Media, optimizacije za tra\u017eilice i ure\u0111ivanje teksta. Dugogodi\u0161nje iskustvo i holisti\u010dki pristup, doprinijeti \u0107e da optimalno iskoristite brojne mogu\u0107nosti u online okru\u017eenju za va\u0161e poslovanje.<\/p>\n<p>[\/vc_column_text][\/no_elements_holder_item][\/no_elements_holder][\/vc_column][vc_column offset=&#8221;vc_col-lg-5 vc_col-md-6 vc_col-xs-12&#8243;][no_elements_holder][no_elements_holder_item item_padding=&#8221;0 0 0 0&#8243;][vc_single_image image=&#8221;53562&#8243; img_size=&#8221;full&#8221; alignment=&#8221;center&#8221;][\/no_elements_holder_item][\/no_elements_holder][\/vc_column][\/vc_row][vc_row type=&#8221;grid&#8221; padding_top=&#8221;70&#8243; padding_bottom=&#8221;70&#8243; oblique_section=&#8221;no&#8221; oblique_section_top_and_bottom=&#8221;both&#8221; oblique_section_position=&#8221;from_left_to_right&#8221; triangle_shape=&#8221;no&#8221; triangle_shape_position=&#8221;both&#8221;][vc_column offset=&#8221;vc_col-lg-5 vc_col-md-6 vc_col-xs-12&#8243; el_class=&#8221;mobile-graphic-element&#8221;][no_elements_holder][no_elements_holder_item item_padding=&#8221;0 0 0 0&#8243;][vc_single_image image=&#8221;52039&#8243; img_size=&#8221;full&#8221;][\/no_elements_holder_item][\/no_elements_holder][\/vc_column][vc_column offset=&#8221;vc_col-lg-7 vc_col-md-6 vc_col-xs-12&#8243; el_class=&#8221;mobile-text-element&#8221;][no_elements_holder][no_elements_holder_item item_padding=&#8221;0 0 0 8%&#8221; vertical_alignment=&#8221;middle&#8221; item_padding_1000_1300=&#8221;12% 2% 12% 2%&#8221; item_padding_768_1000=&#8221;40px 0 40px 0&#8243; item_padding_600_768=&#8221;40px 0 40px 0&#8243; item_padding_480_600=&#8221;40px 0 40px 0&#8243; item_padding_480=&#8221;40px 0 40px 0&#8243;][vc_column_text]<\/p>\n<h3>Internacionalno iskustvo<\/h3>\n<p>[\/vc_column_text][vc_separator type=&#8221;transparent&#8221; up=&#8221;30&#8243; down=&#8221;0&#8243;][vc_column_text]<\/p>\n<p>Ve\u0107ina na\u0161ih projekata, kao i na\u0161 tim je me\u0111unarodno orijentiran. Na\u0161e dugogodi\u0161nje i internacionalno iskustvo u projektima omogu\u0107uje nam da brzo sagledamo nove projekte, fleksibilno reagiramo na Va\u0161e osobne potrebe i iste sprovedemo isplativo za vas. Na\u0161 profesionalan pristup i &#8220;in-house&#8221; programiranje, jam\u010de kratak &#8220;time-to-market&#8221; ciklus, a tako\u0111er osiguravaju maksimalnu razinu sigurnosti na\u0161ih online rje\u0161enja.<\/p>\n<p>[\/vc_column_text][\/no_elements_holder_item][\/no_elements_holder][\/vc_column][\/vc_row][vc_row row_type=&#8221;parallax&#8221; type=&#8221;grid&#8221; background_image=&#8221;52197&#8243; section_height=&#8221;409&#8243; oblique_section=&#8221;no&#8221; oblique_section_top_and_bottom=&#8221;both&#8221; oblique_section_position=&#8221;from_left_to_right&#8221; triangle_shape=&#8221;no&#8221; triangle_shape_position=&#8221;both&#8221; el_class=&#8221;webbite-counter&#8221;][vc_column][vc_row_inner el_class=&#8221;counter-wrapper&#8221;][vc_column_inner el_class=&#8221;plus&#8221; width=&#8221;1\/4&#8243;]<div class=\"q_counter_holder  center\" style=\"padding-bottom: 50px;\"><span class=\"counter  random\" style=\"\">22+<\/span><h4 class='counter_title' style=''>djelatnika<\/h4><\/div>[\/vc_column_inner][vc_column_inner width=&#8221;1\/4&#8243;]<div class=\"q_counter_holder  center\" style=\"padding-bottom: 50px;\"><span class=\"counter  random\" style=\"\">8+<\/span><h4 class='counter_title' style=''>godina iskustva<\/h4><\/div>[\/vc_column_inner][vc_column_inner width=&#8221;1\/4&#8243;]<div class=\"q_counter_holder  center\" style=\"padding-bottom: 50px;\"><span class=\"counter  random\" style=\"\">250+<\/span><h4 class='counter_title' style=''>uspje\u0161no zavr\u0161enih projekata<\/h4><\/div>[\/vc_column_inner][vc_column_inner width=&#8221;1\/4&#8243;]<div class=\"q_counter_holder  center\" style=\"padding-bottom: 50px;\"><span class=\"counter  random\" style=\"\">16+<\/span><h4 class='counter_title' style=''>aktivnih zemalja <\/h4><\/div>[\/vc_column_inner][\/vc_row_inner][\/vc_column][\/vc_row][vc_row type=&#8221;grid&#8221; background_color=&#8221;#f5f5f5&#8243; padding_top=&#8221;70&#8243; padding_bottom=&#8221;70&#8243; oblique_section=&#8221;no&#8221; oblique_section_top_and_bottom=&#8221;both&#8221; oblique_section_position=&#8221;from_left_to_right&#8221; triangle_shape=&#8221;no&#8221; triangle_shape_position=&#8221;both&#8221; el_class=&#8221;subpage-contactform&#8221;][vc_column offset=&#8221;vc_col-lg-7 vc_col-md-6 vc_col-xs-12&#8243;][no_elements_holder][no_elements_holder_item item_padding=&#8221;0 8% 8% 0&#8243; vertical_alignment=&#8221;middle&#8221; item_padding_1000_1300=&#8221;12% 2% 12% 2%&#8221; item_padding_768_1000=&#8221;40px 0 40px 0&#8243; item_padding_600_768=&#8221;40px 0 40px 0&#8243; item_padding_480_600=&#8221;40px 0 40px 0&#8243; item_padding_480=&#8221;40px 0 40px 0&#8243;][vc_column_text]<\/p>\n<h3>Zainteresirani?<\/h3>\n<p>[\/vc_column_text][vc_separator type=&#8221;transparent&#8221; up=&#8221;30&#8243; down=&#8221;0&#8243;][vc_column_text]Slobodno nas kontaktiraj<br \/>\n\u2013 veselimo se upoznavanju s tobom![\/vc_column_text][\/no_elements_holder_item][\/no_elements_holder][\/vc_column][vc_column offset=&#8221;vc_col-lg-5 vc_col-md-6 vc_col-xs-12&#8243;]\n<div class=\"wpcf7 no-js\" id=\"wpcf7-f53684-o1\" lang=\"en-US\" dir=\"ltr\" data-wpcf7-id=\"53684\">\n<div class=\"screen-reader-response\"><p role=\"status\" aria-live=\"polite\" aria-atomic=\"true\"><\/p> <ul><\/ul><\/div>\n<form action=\"\/hr\/wp-json\/wp\/v2\/pages\/53672#wpcf7-f53684-o1\" method=\"post\" class=\"wpcf7-form init cf7_custom_style_1\" aria-label=\"Contact form\" novalidate=\"novalidate\" data-status=\"init\">\n<fieldset class=\"hidden-fields-container\"><input type=\"hidden\" name=\"_wpcf7\" value=\"53684\" \/><input type=\"hidden\" name=\"_wpcf7_version\" value=\"6.1.4\" \/><input type=\"hidden\" name=\"_wpcf7_locale\" value=\"en_US\" \/><input type=\"hidden\" name=\"_wpcf7_unit_tag\" value=\"wpcf7-f53684-o1\" \/><input type=\"hidden\" name=\"_wpcf7_container_post\" value=\"0\" \/><input type=\"hidden\" name=\"_wpcf7_posted_data_hash\" value=\"\" \/>\n<\/fieldset>\n<p>Ime i prezime*\n<\/p>\n<p><span class=\"wpcf7-form-control-wrap\" data-name=\"your-name\"><input size=\"40\" maxlength=\"400\" class=\"wpcf7-form-control wpcf7-text wpcf7-validates-as-required\" aria-required=\"true\" aria-invalid=\"false\" value=\"\" type=\"text\" name=\"your-name\" \/><\/span>\n<\/p>\n<p>E-Mail adresa*\n<\/p>\n<p><span class=\"wpcf7-form-control-wrap\" data-name=\"your-email\"><input size=\"40\" maxlength=\"400\" class=\"wpcf7-form-control wpcf7-email wpcf7-validates-as-required wpcf7-text wpcf7-validates-as-email\" aria-required=\"true\" aria-invalid=\"false\" value=\"\" type=\"email\" name=\"your-email\" \/><\/span>\n<\/p>\n<p>Naslov poruke\n<\/p>\n<p><span class=\"wpcf7-form-control-wrap\" data-name=\"your-subject\"><input size=\"40\" maxlength=\"400\" class=\"wpcf7-form-control wpcf7-text\" aria-invalid=\"false\" value=\"\" type=\"text\" name=\"your-subject\" \/><\/span>\n<\/p>\n<p>Poruka\n<\/p>\n<p><span class=\"wpcf7-form-control-wrap\" data-name=\"your-message\"><textarea cols=\"10\" rows=\"10\" maxlength=\"2000\" class=\"wpcf7-form-control wpcf7-textarea\" aria-invalid=\"false\" name=\"your-message\"><\/textarea><\/span>\n<\/p>\n<p><br \/>\n<span class=\"wpcf7-form-control-wrap\" data-name=\"data_privacy\"><span class=\"wpcf7-form-control wpcf7-checkbox wpcf7-validates-as-required\"><span class=\"wpcf7-list-item first last\"><input type=\"checkbox\" name=\"data_privacy[]\" value=\"Moji se podaci mogu koristiti, kako biste me kontaktirali radi mog upita.\" \/><span class=\"wpcf7-list-item-label\">Moji se podaci mogu koristiti, kako biste me kontaktirali radi mog upita.<\/span><\/span><\/span><\/span>\n<\/p>\n<p><input class=\"wpcf7-form-control wpcf7-submit has-spinner\" type=\"submit\" value=\"Po\u0161alji poruku\" \/>\n<\/p><div class=\"wpcf7-response-output\" aria-hidden=\"true\"><\/div>\n<\/form>\n<\/div>\n[\/vc_column][\/vc_row]<\/p>\n<\/div>","protected":false},"excerpt":{"rendered":"<p>[vc_row][vc_column][vc_column_text] [\/vc_column_text][\/vc_column][\/vc_row][vc_row type=&#8221;grid&#8221; padding_top=&#8221;70&#8243; padding_bottom=&#8221;70&#8243; oblique_section=&#8221;no&#8221; oblique_section_top_and_bottom=&#8221;both&#8221; oblique_section_position=&#8221;from_left_to_right&#8221; triangle_shape=&#8221;no&#8221; triangle_shape_position=&#8221;both&#8221;][vc_column offset=&#8221;vc_col-lg-5 vc_col-md-6 vc_col-xs-12&#8243; el_class=&#8221;mobile-graphic-element&#8221;][no_elements_holder][no_elements_holder_item item_padding=&#8221;0 0 0 0&#8243;][vc_single_image image=&#8221;53175&#8243; img_size=&#8221;full&#8221;][\/no_elements_holder_item][\/no_elements_holder][\/vc_column][vc_column offset=&#8221;vc_col-lg-7 vc_col-md-6 vc_col-xs-12&#8243; el_class=&#8221;mobile-text-element&#8221;][no_elements_holder][no_elements_holder_item item_padding=&#8221;0 0 0 8%&#8221; vertical_alignment=&#8221;middle&#8221; item_padding_1000_1300=&#8221;12% 2% 12% 2%&#8221; item_padding_768_1000=&#8221;40px 0 40px 0&#8243; item_padding_600_768=&#8221;40px 0 40px 0&#8243; item_padding_480_600=&#8221;40px 0 40px 0&#8243;&#8230;<\/p>\n","protected":false},"author":5,"featured_media":0,"parent":0,"menu_order":0,"comment_status":"closed","ping_status":"open","template":"full_width.php","meta":{"footnotes":""},"class_list":["post-53672","page","type-page","status-publish","hentry"],"aioseo_notices":[],"_links":{"self":[{"href":"https:\/\/webbite.de\/hr\/wp-json\/wp\/v2\/pages\/53672","targetHints":{"allow":["GET"]}}],"collection":[{"href":"https:\/\/webbite.de\/hr\/wp-json\/wp\/v2\/pages"}],"about":[{"href":"https:\/\/webbite.de\/hr\/wp-json\/wp\/v2\/types\/page"}],"author":[{"embeddable":true,"href":"https:\/\/webbite.de\/hr\/wp-json\/wp\/v2\/users\/5"}],"replies":[{"embeddable":true,"href":"https:\/\/webbite.de\/hr\/wp-json\/wp\/v2\/comments?post=53672"}],"version-history":[{"count":0,"href":"https:\/\/webbite.de\/hr\/wp-json\/wp\/v2\/pages\/53672\/revisions"}],"wp:attachment":[{"href":"https:\/\/webbite.de\/hr\/wp-json\/wp\/v2\/media?parent=53672"}],"curies":[{"name":"wp","href":"https:\/\/api.w.org\/{rel}","templated":true}]}}