{"id":53484,"date":"2016-04-19T09:49:14","date_gmt":"2016-04-19T07:49:14","guid":{"rendered":"https:\/\/webbite.de\/?page_id=53484&#038;lang=en"},"modified":"2023-12-21T13:14:20","modified_gmt":"2023-12-21T12:14:20","slug":"imprint","status":"publish","type":"page","link":"https:\/\/webbite.de\/en\/imprint\/","title":{"rendered":"Imprint"},"content":{"rendered":"<p><strong>Webbite Media GmbH<\/strong><\/p>\n<p>Bavariafilmplatz 7<br \/>\n82031 Gr\u00fcnwald<\/p>\n<p>Registergericht: M\u00fcnchen<br \/>\nRegisternummer: HRB 216350<br \/>\nUmsatzsteuer-ID: DE 298738044<\/p>\n<p><strong>Verena Rometsch<br \/>\n<\/strong>Gesch\u00e4ftsf\u00fchrende Gesellschafterin<br \/>\nemail: verena.rometsch[at]webbite.de<br \/>\ntel: +49 89 2154539-12<br \/>\nfax: +49 89 2154539-99<\/p>\n<p><strong>Goran Rometsch<br \/>\n<\/strong>Gesch\u00e4ftsf\u00fchrender Gesellschafter<br \/>\nemail: goran.rometsch[at]webbite.de<br \/>\ntel: +49 89 2154539-10<br \/>\nfax: +49 89 2154539-99<\/p>\n<p>&nbsp;<\/p>\n<p>&nbsp;<\/p>\n<p>&nbsp;<\/p>\n","protected":false},"excerpt":{"rendered":"<p>Webbite Media GmbH Bavariafilmplatz 7 82031 Gr\u00fcnwald Registergericht: M\u00fcnchen Registernummer: HRB 216350 Umsatzsteuer-ID: DE 298738044 Verena Rometsch Gesch\u00e4ftsf\u00fchrende Gesellschafterin email: verena.rometsch[at]webbite.de tel: +49 89 2154539-12 fax: +49 89 2154539-99 Goran Rometsch Gesch\u00e4ftsf\u00fchrender Gesellschafter email: goran.rometsch[at]webbite.de tel: +49 89 2154539-10 fax: +49 89 2154539-99 &nbsp; &nbsp;&#8230;<\/p>\n","protected":false},"author":5,"featured_media":0,"parent":0,"menu_order":0,"comment_status":"closed","ping_status":"open","template":"","meta":{"footnotes":""},"class_list":["post-53484","page","type-page","status-publish","hentry"],"aioseo_notices":[],"_links":{"self":[{"href":"https:\/\/webbite.de\/en\/wp-json\/wp\/v2\/pages\/53484","targetHints":{"allow":["GET"]}}],"collection":[{"href":"https:\/\/webbite.de\/en\/wp-json\/wp\/v2\/pages"}],"about":[{"href":"https:\/\/webbite.de\/en\/wp-json\/wp\/v2\/types\/page"}],"author":[{"embeddable":true,"href":"https:\/\/webbite.de\/en\/wp-json\/wp\/v2\/users\/5"}],"replies":[{"embeddable":true,"href":"https:\/\/webbite.de\/en\/wp-json\/wp\/v2\/comments?post=53484"}],"version-history":[{"count":0,"href":"https:\/\/webbite.de\/en\/wp-json\/wp\/v2\/pages\/53484\/revisions"}],"wp:attachment":[{"href":"https:\/\/webbite.de\/en\/wp-json\/wp\/v2\/media?parent=53484"}],"curies":[{"name":"wp","href":"https:\/\/api.w.org\/{rel}","templated":true}]}}